{"id":6,"date":"2023-05-11T14:33:07","date_gmt":"2023-05-11T14:33:07","guid":{"rendered":"https:\/\/ene7.com.br\/?page_id=6"},"modified":"2023-06-06T18:36:40","modified_gmt":"2023-06-06T18:36:40","slug":"home","status":"publish","type":"page","link":"https:\/\/ene7.com.br\/","title":{"rendered":"Home"},"content":{"rendered":"<div class=\"brz-root__container brz-reset-all\">\n<section data-uid=\"vuvkdudxdqkdeqrsgswxaipjllwaksdrmapk\" id=\"home\" class=\"brz-section brz-css-lmqvo\">\n<div class=\"brz-section__content brz-section--boxed brz-css-ghhuo brz-css-bzuuh\" data-custom-id=\"mplewgmjjuyygxhbtpqxjtszdefeiddtdsvb\">\n<div class=\"brz-bg overflow-hidden !z-auto absolute top-0 left-0 w-full h-full\">\n<div class=\"brz-bg-color absolute top-0 left-0 w-full h-full\"><\/div>\n<div class=\"brz-bg-shape w-full h-full absolute inset-x-0 bg-no-repeat pointer-events-none brz-bg-shape__bottom bottom-0 rotate-x-180 after:content-[&#x27;&#x27;] after:absolute after:w-full after:h-full after:top-0\"><\/div>\n<\/div>\n<div class=\"brz-container brz-css-vflzs\">\n<div class=\"brz-row__container brz-css-gzzhe\" data-custom-id=\"bnkqvgzzuwcquynerfjfhlzhammxawbtwkhu\">\n<div class=\"brz-bg overflow-hidden !z-auto absolute top-0 left-0 w-full h-full\"><\/div>\n<div class=\"brz-row brz-css-vxfnj brz-css-ezayj\">\n<div class=\"brz-columns brz-css-rcrxa brz-css-pcumj\" data-custom-id=\"xxjqxkmnkakhleonhlvwnveunsyvbbqgspvs\">\n<div class=\"brz-bg overflow-hidden !z-auto absolute top-0 left-0 w-full h-full\"><\/div>\n<div class=\"brz-column__items brz-css-lsaye brz-css-dpoby\">\n<div class=\"brz-css-bniep brz-wrapper\">\n<div class=\"brz-image brz-css-cvcyd\"><img decoding=\"async\" class=\"brz-img\" src=\"https:\/\/ene7.com.br\/wp-content\/uploads\/brizy\/imgs\/LogoN7-156x156x0x20x156x117x1683816830.jpg\" alt=\"\" loading=\"lazy\"><\/div>\n<\/div>\n<\/div>\n<\/div>\n<div class=\"brz-columns brz-css-rcrxa brz-css-lklpc\" data-custom-id=\"jojsglkprccizkdulsmuncilxgfusnotpkel\">\n<div class=\"brz-bg overflow-hidden !z-auto absolute top-0 left-0 w-full h-full\"><\/div>\n<div class=\"brz-column__items brz-css-lsaye brz-css-uynnj\">\n<div class=\"brz-wrapper-clone brz-css-ldrna brz-css-cjsem\">\n<div class=\"brz-d-xs-flex brz-flex-xs-wrap brz-css-gixqx brz-css-zbaey\">\n<div class=\"brz-wrapper-clone__item brz-css-paquk brz-css-wbcin\" id=\"whgykhgaoaoemrbqcqyertlfcdljeypcndso\"><a class=\"brz-a brz-btn brz-css-vecga brz-css-dnjjy\" href=\"https:\/\/ene7.com.br\" data-brz-link-type=\"external\" data-custom-id=\"whgykhgaoaoemrbqcqyertlfcdljeypcndso\"><span class=\"brz-span brz-text__editor\">Home<\/span><\/a><\/div>\n<div class=\"brz-wrapper-clone__item brz-css-paquk brz-css-wbcin\" id=\"mnqvhgejwbypovnaktwnszrgeinfvgcdgkoj\"><a class=\"brz-a brz-btn brz-css-vecga brz-css-csawk\" href=\"https:\/\/ene7.com.br\/index.php\/servicos\/\" data-brz-link-type=\"external\" data-custom-id=\"mnqvhgejwbypovnaktwnszrgeinfvgcdgkoj\"><span class=\"brz-span brz-text__editor\">Servi\u00e7os<\/span><\/a><\/div>\n<div class=\"brz-wrapper-clone__item brz-css-paquk brz-css-wbcin\" id=\"tsafzvncpbllqmynsktydfikywklziabhpbg\"><a class=\"brz-a brz-anchor brz-btn brz-css-vecga brz-css-isegx\" href=\"#contato\" data-brz-link-type=\"anchor\" data-custom-id=\"tsafzvncpbllqmynsktydfikywklziabhpbg\"><span class=\"brz-span brz-text__editor\">Contato<\/span><\/a><\/div>\n<\/div>\n<\/div>\n<\/div>\n<\/div>\n<div class=\"brz-columns brz-css-rcrxa brz-css-nmyid\" data-custom-id=\"phluwsvxkhltawlngxbahyoxyfqeeiftegsy\">\n<div class=\"brz-bg overflow-hidden !z-auto absolute top-0 left-0 w-full h-full\"><\/div>\n<div class=\"brz-column__items brz-css-lsaye brz-css-bevyy\"><\/div>\n<\/div>\n<\/div>\n<\/div>\n<div class=\"brz-css-bniep brz-css-vgklc brz-css-tjjqw brz-wrapper\">\n<div class=\"brz-spacer brz-css-bzivw brz-css-wemwn\"><\/div>\n<\/div>\n<div class=\"brz-row__container brz-css-gzzhe brz-css-dfluv\" data-custom-id=\"elvrldcegxzbthdptmumdciwmigxkywidppk\">\n<div class=\"brz-bg overflow-hidden !z-auto absolute top-0 left-0 w-full h-full\"><\/div>\n<div class=\"brz-row brz-css-vxfnj brz-css-ezayj\">\n<div data-iteration-count=\"1\" class=\"brz-columns brz-css-rcrxa brz-css-ardhg brz-animated brz-css-ndcuh brz-css-ryqgq\" data-custom-id=\"gbhljiyiyrnkcuvwtbxfdemxkiynftpfmpwu\">\n<div class=\"brz-bg overflow-hidden !z-auto absolute top-0 left-0 w-full h-full\"><\/div>\n<div class=\"brz-column__items brz-css-lsaye brz-css-kdzvs\">\n<div class=\"brz-css-bniep brz-css-hwurn brz-wrapper\">\n<div class=\"brz-rich-text brz-rich-text__custom brz-css-phjlp\" data-custom-id=\"nocayujyzwovntpxhycaqpxavmsyvxxuepig\">\n<div>\n<p class=\"brz-css-useah\" data-generated-css=\"brz-css-iwtru\" data-uniq-id=\"sytxg\"><span class=\"brz-cp-color8\">A ene7 pode te ajudar com a contabilidade da sua empresa.<\/span><\/p>\n<\/div>\n<\/div>\n<\/div>\n<\/div>\n<\/div>\n<div data-iteration-count=\"1\" class=\"brz-columns brz-css-rcrxa brz-css-tkvwl brz-animated brz-css-zkdrl brz-css-krcdr\" data-custom-id=\"fembniqocqcbjslqduoiihwkabtvdzflknwt\">\n<div class=\"brz-bg overflow-hidden !z-auto absolute top-0 left-0 w-full h-full\"><\/div>\n<div class=\"brz-column__items brz-css-lsaye brz-css-grqsu\">\n<div class=\"brz-css-bniep brz-css-xresx brz-wrapper\">\n<div class=\"brz-image brz-css-ncjpv brz-css-mptvt\"><img decoding=\"async\" class=\"brz-img\" src=\"https:\/\/ene7.com.br\/wp-content\/uploads\/brizy\/imgs\/pexels-tima-miroshnichenko-6693661-scaled-e1683816486186-669x445x0x19x669x407x1683816486.jpg\" alt=\"\" loading=\"lazy\"><\/div>\n<\/div>\n<\/div>\n<\/div>\n<\/div>\n<\/div>\n<\/div>\n<\/div>\n<\/section>\n<section data-uid=\"ajyiffxkyuensereqqyldusjqdcqyjwajoxw\" id=\"Features\" class=\"brz-section brz-css-lmqvo\">\n<div class=\"brz-section__content brz-section--boxed brz-css-ghhuo brz-css-hsowp\" data-custom-id=\"malephwroruwacryozrgfnmgiaocxgwiidvb\">\n<div class=\"brz-bg overflow-hidden !z-auto absolute top-0 left-0 w-full h-full\">\n<div class=\"brz-bg-shape w-full h-full absolute inset-x-0 bg-no-repeat pointer-events-none brz-bg-shape__bottom bottom-0 rotate-x-180 after:content-[&#x27;&#x27;] after:absolute after:w-full after:h-full after:top-0\"><\/div>\n<\/div>\n<div class=\"brz-container brz-css-vflzs\">\n<div class=\"brz-css-bniep brz-css-avttw brz-wrapper\">\n<div class=\"brz-rich-text brz-rich-text__custom brz-css-phjlp\" data-custom-id=\"evcgycwgnwwdsnzlcuaxyguzjkelhjwewfsu\">\n<div>\n<p class=\"brz-css-ikxsz\" data-uniq-id=\"zxpvr\" data-generated-css=\"brz-css-vxwvz\"><span class=\"brz-cp-color2\">Quem somos!<\/span><\/p>\n<\/div>\n<\/div>\n<\/div>\n<div class=\"brz-css-bniep brz-wrapper\">\n<div class=\"brz-rich-text brz-rich-text__custom brz-css-phjlp\" data-custom-id=\"yexpptoucxnpwdvnjnssgihmzsgflttyvrve\">\n<div>\n<p class=\"brz-css-abcpx\" data-generated-css=\"brz-css-jtlvq\" data-uniq-id=\"ucjny\"><span class=\"brz-cp-color7\">A <\/span><strong class=\"brz-cp-color7\">N7 Solu\u00e7\u00f5es Empresariais<\/strong><span class=\"brz-cp-color7\"> pode te ajudar com a contabilidade da sua empresa.<\/span><\/p>\n<p class=\"brz-css-fmzgq\" data-generated-css=\"brz-css-mlkoe\" data-uniq-id=\"evwdr\"><span class=\"brz-cp-color7\">Fundada no ano 2009, tem sua atua\u00e7\u00e3o totalmente sedimentada no mercado em que atua oferecendo a melhor infraestrutura para atender nossos clientes, oferecendo consultorias especializadas para diversos tipos de neg\u00f3cios.<\/span><\/p>\n<p class=\"brz-css-vanxj\" data-generated-css=\"brz-css-esxhn\" data-uniq-id=\"oowln\"><span class=\"brz-cp-color7\">Nosso objetivo \u00e9 oferecer solu\u00e7\u00f5es integradas e personalizadas \u00e0s necessidades dos clientes, dentro de um contexto corporativo, buscando a maximiza\u00e7\u00e3o de resultados, tornando-os mais competitivos.<\/span><\/p>\n<\/div>\n<\/div>\n<\/div>\n<div class=\"brz-css-bniep brz-css-vgklc brz-css-jsxvt brz-wrapper\">\n<div class=\"brz-spacer brz-css-bzivw brz-css-nziye\"><\/div>\n<\/div>\n<div class=\"brz-row__container brz-css-gzzhe\" data-custom-id=\"eadgmetkudmvmlcdsavyljvyzqchjovzvkzx\">\n<div class=\"brz-bg overflow-hidden !z-auto absolute top-0 left-0 w-full h-full\"><\/div>\n<div class=\"brz-row brz-css-vxfnj brz-css-ezayj\">\n<div data-iteration-count=\"1\" class=\"brz-columns brz-css-rcrxa brz-css-rvspi brz-animated brz-css-hltgg brz-css-jpwrm\" data-custom-id=\"ycdfcukejcnxplpqjtqifvzyyvtjxajnyhwo\">\n<div class=\"brz-column__items brz-css-lsaye brz-css-fmwwp\">\n<div class=\"brz-css-bniep brz-wrapper\">\n<div class=\"brz-image brz-css-fptca\"><img decoding=\"async\" class=\"brz-img\" src=\"https:\/\/ene7.com.br\/wp-content\/uploads\/brizy\/imgs\/31a92baf44f001c32c22a441cd023d54-237x191x0x0x237x191x1683816183.png\" alt=\"\" loading=\"lazy\"><\/div>\n<\/div>\n<div class=\"brz-css-bniep brz-css-cnsqt brz-wrapper\">\n<div class=\"brz-rich-text brz-rich-text__custom brz-css-phjlp\" data-custom-id=\"wiaefvfrcrmduquliedlvtputxkbdmnfhpez\">\n<div>\n<p class=\"brz-css-pkfpr\" data-uniq-id=\"ulbme\" data-generated-css=\"brz-css-xtrpx\"><span class=\"brz-cp-color2\">Miss\u00e3o<\/span><\/p>\n<\/div>\n<\/div>\n<\/div>\n<div class=\"brz-css-bniep brz-wrapper\">\n<div class=\"brz-rich-text brz-rich-text__custom brz-css-phjlp\" data-custom-id=\"wolxsfbfznsuzgbumzmpzubgwtvmiysmljfo\">\n<div>\n<p class=\"brz-css-jbhyh\" data-generated-css=\"brz-css-bhtok\" data-uniq-id=\"ocmqx\"><span class=\"brz-cp-color7\">Disponibilizar, com qualidade e honestidade, solu\u00e7\u00f5es pr\u00e1ticas e consultoria empresarial, que proporcionem a satisfa\u00e7\u00e3o de nossos clientes e o desenvolvimento profissional de nossos colaboradores de forma continua.<\/span><\/p>\n<\/div>\n<\/div>\n<\/div>\n<\/div>\n<\/div>\n<div data-iteration-count=\"1\" class=\"brz-columns brz-css-rcrxa brz-css-otrxt brz-animated brz-css-fagkg brz-css-rwxji\" data-custom-id=\"jmlpcwytafglshpkznvrtgpwkagdhpdyrytt\">\n<div class=\"brz-column__items brz-css-lsaye brz-css-vfdel\">\n<div class=\"brz-css-bniep brz-wrapper\">\n<div class=\"brz-image brz-css-hrnxa\"><img decoding=\"async\" class=\"brz-img\" src=\"https:\/\/ene7.com.br\/wp-content\/uploads\/brizy\/imgs\/e4b036e4c6ac55176240872af3721152-237x191x0x0x237x191x1683816183.png\" alt=\"\" loading=\"lazy\"><\/div>\n<\/div>\n<div class=\"brz-css-bniep brz-css-tfdnr brz-wrapper\">\n<div class=\"brz-rich-text brz-rich-text__custom brz-css-phjlp\" data-custom-id=\"jbygbjlbycfyeodjblksydynqqlcoivgukae\">\n<div>\n<p class=\"brz-css-gjidg\" data-uniq-id=\"ebmtp\" data-generated-css=\"brz-css-fitki\"><span class=\"brz-cp-color2\">Vis\u00e3o<\/span><\/p>\n<\/div>\n<\/div>\n<\/div>\n<div class=\"brz-css-bniep brz-wrapper\">\n<div class=\"brz-rich-text brz-rich-text__custom brz-css-phjlp\" data-custom-id=\"wknirgogzrtwzmddkfvxfafxxgxovbbmzdzk\">\n<div>\n<p class=\"brz-css-rqour\" data-generated-css=\"brz-css-smwjp\" data-uniq-id=\"chuui\"><span class=\"brz-cp-color7\">Ser uma empresa de solu\u00e7\u00f5es empresariais reconhecida em toda regi\u00e3o por seu servi\u00e7o personalizado e pela qualidade e credibilidade de seus profissionais..<\/span><\/p>\n<\/div>\n<\/div>\n<\/div>\n<\/div>\n<\/div>\n<div data-iteration-count=\"1\" class=\"brz-columns brz-css-rcrxa brz-css-ukcyb brz-animated brz-css-bqqsj brz-css-aoypn\" data-custom-id=\"vnphxqzryzaoyfwxwkklcgizgvaiblomadjl\">\n<div class=\"brz-column__items brz-css-lsaye brz-css-pznpu\">\n<div class=\"brz-css-bniep brz-wrapper\">\n<div class=\"brz-image brz-css-cecfk\"><img decoding=\"async\" class=\"brz-img\" src=\"https:\/\/ene7.com.br\/wp-content\/uploads\/brizy\/imgs\/2058f01e7313c3a166ff9c7ac5f17aeb-238x192x0x0x238x192x1683816188.png\" alt=\"\" loading=\"lazy\"><\/div>\n<\/div>\n<div class=\"brz-css-bniep brz-css-kuars brz-wrapper\">\n<div class=\"brz-rich-text brz-rich-text__custom brz-css-phjlp\" data-custom-id=\"bypbzreznttzmehvdtvgrvmonfqczcbsowht\">\n<div>\n<p class=\"brz-css-mqwgd\" data-uniq-id=\"okzmr\" data-generated-css=\"brz-css-jehgc\"><span class=\"brz-cp-color2\">Valores<\/span><\/p>\n<\/div>\n<\/div>\n<\/div>\n<div class=\"brz-css-bniep brz-wrapper\">\n<div class=\"brz-rich-text brz-rich-text__custom brz-css-phjlp\" data-custom-id=\"npxxrycsuijqpkrjnwclctankyjfbgltvidf\">\n<div>\n<ul>\n<li class=\"brz-css-ndrwt\" data-uniq-id=\"ysecy\" data-generated-css=\"brz-css-hpwea\"><span class=\"brz-cp-color7\">Transpar\u00eancia<\/span><\/li>\n<li class=\"brz-css-jodjr\" data-uniq-id=\"lvubn\" data-generated-css=\"brz-css-inigq\"><span class=\"brz-cp-color7\">\u00c9tica<\/span><\/li>\n<li class=\"brz-css-pllhl\" data-uniq-id=\"atdeb\" data-generated-css=\"brz-css-iyspx\"><span class=\"brz-cp-color7\">Honestidade <\/span><\/li>\n<li class=\"brz-css-hvznz\" data-uniq-id=\"lsaik\" data-generated-css=\"brz-css-ejoqo\"><span class=\"brz-cp-color7\">Comprometimento <\/span><\/li>\n<li class=\"brz-css-vyskj\" data-uniq-id=\"ksxfg\" data-generated-css=\"brz-css-rorqb\"><span class=\"brz-cp-color7\">Respeito <\/span><\/li>\n<li class=\"brz-css-jxeho\" data-uniq-id=\"xsycd\" data-generated-css=\"brz-css-izmqw\"><span class=\"brz-cp-color7\">Empatia<\/span><\/li>\n<li class=\"brz-css-eyesr\" data-uniq-id=\"ugtdt\" data-generated-css=\"brz-css-pgbne\"><span class=\"brz-cp-color7\">Praticidade.<\/span><\/li>\n<\/ul>\n<\/div>\n<\/div>\n<\/div>\n<\/div>\n<\/div>\n<\/div>\n<\/div>\n<div class=\"brz-css-bniep brz-css-vgklc brz-wrapper\">\n<div class=\"brz-spacer brz-css-bzivw brz-css-vmooj\"><\/div>\n<\/div>\n<\/div>\n<\/div>\n<\/section>\n<section data-uid=\"gmmiwioluotlhvocckqcwysozvhduavvuzjp\" id=\"contato\" class=\"brz-section brz-css-lmqvo\">\n<div class=\"brz-section__content brz-section--boxed brz-css-ghhuo brz-css-yrqas\" data-custom-id=\"javpeodqqwaemgqiijuyuulksxejlmiddjgk\">\n<div class=\"brz-bg overflow-hidden !z-auto absolute top-0 left-0 w-full h-full\">\n<div class=\"brz-bg-color absolute top-0 left-0 w-full h-full\"><\/div>\n<\/div>\n<div class=\"brz-container brz-css-vflzs\">\n<div class=\"brz-css-bniep brz-css-ksrmp brz-wrapper\">\n<div class=\"brz-rich-text brz-rich-text__custom brz-css-phjlp\" data-custom-id=\"qnhhbfnwyrzvemhwdckjhhjttidrkaifrnyz\">\n<div>\n<h2 class=\"brz-css-qxwep\" data-uniq-id=\"ycqil\" data-generated-css=\"brz-css-iqelr\"><span class=\"brz-cp-color2\">Entre em contato<\/span><\/h2>\n<\/div>\n<\/div>\n<\/div>\n<div class=\"brz-css-bniep brz-css-vgklc brz-css-xdvdz brz-wrapper\">\n<div class=\"brz-spacer brz-css-bzivw brz-css-gimes\"><\/div>\n<\/div>\n<div class=\"brz-row__container brz-css-gzzhe\" data-custom-id=\"ljnjplzsujospxcdrrldpcxbwgaiwveyzypk\">\n<div class=\"brz-bg overflow-hidden !z-auto absolute top-0 left-0 w-full h-full\"><\/div>\n<div class=\"brz-row brz-css-vxfnj brz-css-ezayj\">\n<div class=\"brz-columns brz-css-rcrxa\" data-custom-id=\"smjnemcfobccjxdsjnpbvocywrrunwqqfzzv\">\n<div class=\"brz-bg overflow-hidden !z-auto absolute top-0 left-0 w-full h-full\"><\/div>\n<div class=\"brz-column__items brz-css-lsaye\">\n<div class=\"brz-css-bniep brz-css-jnbxo brz-wrapper\">\n<div class=\"brz-map brz-css-wjohw brz-css-gnmtd\" data-custom-id=\"mzkumdlzzgwgyikxxbhugwscqfllybkhdygs\">\n<div class=\"brz-map-content\"><\/div>\n<\/div>\n<\/div>\n<\/div>\n<\/div>\n<div class=\"brz-columns brz-css-rcrxa\" data-custom-id=\"peosivpewfybqyolvlksaveiqhmdwopnenri\">\n<div class=\"brz-bg overflow-hidden !z-auto absolute top-0 left-0 w-full h-full\"><\/div>\n<div class=\"brz-column__items brz-css-lsaye brz-css-lusaw\">\n<div class=\"brz-css-bniep brz-wrapper\">\n<div data-form-version=\"2\" class=\"brz-forms2 brz-css-wghvb brz-css-nmyfa\" data-custom-id=\"nsvnkigdgvjwfmrybousvzhfvsqurcnndyqn\">\n<div class=\"brz-forms2__item brz-css-myfgz brz-css-lwzwo brz-css-jbjno\"><\/div>\n<div class=\"brz-forms2__item brz-css-myfgz brz-css-lwzwo brz-css-jbjno\"><\/div>\n<div class=\"brz-forms2__item brz-css-myfgz brz-css-lwzwo brz-css-jbjno\"><\/div>\n<div class=\"brz-forms2__item brz-css-myfgz brz-css-lwzwo brz-css-jbjno brz-css-srwbx\"><textarea id=\"yanudoakybrfwwhpwmhzmaacehwbaoiawtku\" name=\"aqtnbgxqqlazyhhyenmgzginqrpyaqcxshot\" data-type=\"Paragraph\" data-label=\"Mensagem\" data-placeholder=\"Mensagem\" class=\"brz-textarea brz-forms2__field brz-forms2__field-paragraph\"><\/textarea><\/div>\n<div class=\"brz-forms2 brz-forms2__item brz-forms2__item-button\" data-custom-id=\"nsvnkigdgvjwfmrybousvzhfvsqurcnndyqn\"><button id class=\"brz-btn brz-btn-submit brz-css-vecga brz-css-tinkn\" data-custom-id=\"hfoppilrujnmgwzvfhwiztrudmpoovfiyecr\"> <span class=\"brz-span brz-text__editor\">ENVIAR<\/span><\/button>    !function(){function t(t){this.element=t,this.animationId,this.start=null,this.init()}if(!window.requestAnimationFrame){var i=null;window.requestAnimationFrame=function(t,n){var e=(new Date).getTime();i||(i=e);var a=Math.max(0,16-(e-i)),o=window.setTimeout(function(){t(e+a)},a);return i=e+a,o}}t.prototype.init=function(){var t=this;this.animationId=window.requestAnimationFrame(t.triggerAnimation.bind(t))},t.prototype.reset=function(){var t=this;window.cancelAnimationFrame(t.animationId)},t.prototype.triggerAnimation=function(t){var i=this;this.start||(this.start=t);var n=t-this.start;504&gt;n||(this.start=this.start+504),this.element.setAttribute(&#8220;transform&#8221;,&#8221;rotate(&#8220;+Math.min(n\/1.4,360)+&#8221; 12 12)&#8221;);if(document.documentElement.contains(this.element))window.requestAnimationFrame(i.triggerAnimation.bind(i))};var n=document.getElementsByClassName(&#8220;nc-loop_circle-02-24&#8221;),e=[];if(n)for(var a=0;n.length&gt;a;a++)!function(i){e.push(new t(n[i]))}(a);document.addEventListener(&#8220;visibilitychange&#8221;,function(){&#8220;hidden&#8221;==document.visibilityState?e.forEach(function(t){t.reset()}):e.forEach(function(t){t.init()})})}();<\/div>\n<\/div>\n<\/div>\n<\/div>\n<\/div>\n<\/div>\n<\/div>\n<\/div>\n<\/div>\n<\/section>\n<section data-uid=\"tvwafuppbfdcsxkfnsjemebywfegxpzjimgt\" id=\"pricing\" class=\"brz-section brz-css-lmqvo\">\n<div class=\"brz-section__content brz-section--boxed brz-css-ghhuo brz-css-dposc\" data-custom-id=\"eqwschoefmzajldkmozzeaceayshaanhujuh\">\n<div class=\"brz-bg overflow-hidden !z-auto absolute top-0 left-0 w-full h-full\">\n<div class=\"brz-bg-color absolute top-0 left-0 w-full h-full\"><\/div>\n<div class=\"brz-bg-shape w-full h-full absolute inset-x-0 bg-no-repeat pointer-events-none brz-bg-shape__top top-0 after:content-[&#x27;&#x27;] after:absolute after:w-full after:h-full after:top-0\"><\/div>\n<\/div>\n<div class=\"brz-container brz-css-vflzs\">\n<div class=\"brz-css-bniep brz-wrapper\">\n<div class=\"brz-line brz-line-default brz-css-ixduj brz-css-rxwww\" data-custom-id=\"szigzyphmerbwnhohqcwjaavfdydyyhqxgjl\">\n<hr class=\"brz-hr\"><\/div>\n<\/div>\n<div class=\"brz-css-bniep brz-css-vgklc brz-css-uwxtu brz-wrapper\">\n<div class=\"brz-spacer brz-css-bzivw brz-css-wgnha\"><\/div>\n<\/div>\n<div class=\"brz-row__container brz-css-gzzhe\" data-custom-id=\"hnypovfmqyivntimqxcypceqkezklrzsahdu\">\n<div class=\"brz-bg overflow-hidden !z-auto absolute top-0 left-0 w-full h-full\"><\/div>\n<div class=\"brz-row brz-css-vxfnj brz-css-ezayj\">\n<div class=\"brz-columns brz-css-rcrxa brz-css-kxzhv\" data-custom-id=\"megolbtevfxmsttchjjnunchxzbdjvdavqfl\">\n<div class=\"brz-column__items brz-css-lsaye brz-css-xzkxf\">\n<div class=\"brz-css-bniep brz-wrapper\">\n<div class=\"brz-image brz-css-zcceo\"><img decoding=\"async\" class=\"brz-img\" src=\"https:\/\/ene7.com.br\/wp-content\/uploads\/brizy\/imgs\/LogoN7-180x180x0x22x180x135x1683816830.jpg\" alt=\"\" loading=\"lazy\"><\/div>\n<\/div>\n<\/div>\n<\/div>\n<div class=\"brz-columns brz-css-rcrxa brz-css-tfmop\" data-custom-id=\"espiwrolmdhkigkcjlgnkxeijrjkdtbxsgho\">\n<div class=\"brz-bg overflow-hidden !z-auto absolute top-0 left-0 w-full h-full\"><\/div>\n<div class=\"brz-column__items brz-css-lsaye brz-css-caxlr\">\n<div class=\"brz-wrapper-clone brz-css-ldrna\">\n<div class=\"brz-d-xs-flex brz-flex-xs-wrap brz-css-gixqx brz-css-idore\">\n<div class=\"brz-wrapper-clone__item brz-css-paquk brz-css-swblh\" id=\"uerspunobsngjmbonhmowghkvsajbaosyhjt\"><a class=\"brz-a brz-anchor brz-btn brz-css-vecga brz-css-xrwta\" href=\"#home\" data-brz-link-type=\"anchor\" data-custom-id=\"uerspunobsngjmbonhmowghkvsajbaosyhjt\"><span class=\"brz-span brz-text__editor\">Home<\/span><\/a><\/div>\n<div class=\"brz-wrapper-clone__item brz-css-paquk brz-css-swblh\" id=\"ryrxtlrsgtvqbplrxgtgbjlxbpfflltkggga\"><a class=\"brz-a brz-btn brz-css-vecga brz-css-mvdcf\" href=\"https:\/\/ene7.com.br\/index.php\/servicos\/\" data-brz-link-type=\"external\" data-custom-id=\"ryrxtlrsgtvqbplrxgtgbjlxbpfflltkggga\"><span class=\"brz-span brz-text__editor\">Servi\u00e7os<\/span><\/a><\/div>\n<div class=\"brz-wrapper-clone__item brz-css-paquk brz-css-swblh\" id=\"ktoklmtihattvsgkxttueacyibusqadjpret\"><a class=\"brz-a brz-anchor brz-btn brz-css-vecga brz-css-mqwvy\" href=\"#contato\" data-brz-link-type=\"anchor\" data-custom-id=\"ktoklmtihattvsgkxttueacyibusqadjpret\"><span class=\"brz-span brz-text__editor\">Contato<\/span><\/a><\/div>\n<\/div>\n<\/div>\n<\/div>\n<\/div>\n<div class=\"brz-columns brz-css-rcrxa brz-css-ltars\" data-custom-id=\"xhxfrhfczxvrurlzeoaymujutjshxyinareh\">\n<div class=\"brz-bg overflow-hidden !z-auto absolute top-0 left-0 w-full h-full\"><\/div>\n<div class=\"brz-column__items brz-css-lsaye brz-css-jonws\">\n<div class=\"brz-wrapper-clone brz-css-ldrna\">\n<div class=\"brz-d-xs-flex brz-flex-xs-wrap brz-css-gixqx brz-css-eqqkh\">\n<div class=\"brz-wrapper-clone__item brz-css-paquk brz-css-wotjc\" id=\"zjyfrwoimszkhetwuuhgvpjmrfkwlbjkjbvw\">\n<div class=\"brz-icon__container\" data-custom-id=\"zjyfrwoimszkhetwuuhgvpjmrfkwlbjkjbvw\"><span class=\"brz-icon brz-span brz-css-qsjgc brz-css-pkfex\"><\/span><\/div>\n<\/div>\n<div class=\"brz-wrapper-clone__item brz-css-paquk brz-css-wotjc\" id=\"mflukfqovcjmbgtuopgkbdwmdpyxkxltxnjn\">\n<div class=\"brz-icon__container\" data-custom-id=\"mflukfqovcjmbgtuopgkbdwmdpyxkxltxnjn\"><span class=\"brz-icon brz-span brz-css-qsjgc brz-css-keluc\"><\/span><\/div>\n<\/div>\n<div class=\"brz-wrapper-clone__item brz-css-paquk brz-css-wotjc\" id=\"bncwywxakxspauuzfesqpirjgeoaorrxccod\">\n<div class=\"brz-icon__container\" data-custom-id=\"bncwywxakxspauuzfesqpirjgeoaorrxccod\"><span class=\"brz-icon brz-span brz-css-qsjgc brz-css-gpvqt\"><\/span><\/div>\n<\/div>\n<\/div>\n<\/div>\n<\/div>\n<\/div>\n<\/div>\n<\/div>\n<div class=\"brz-css-bniep brz-wrapper\">\n<div class=\"brz-line brz-line-default brz-css-ixduj brz-css-srswm\" data-custom-id=\"rmrcgqpyjowbvrbynugvvbjorsxubbvlufrl\">\n<hr class=\"brz-hr\"><\/div>\n<\/div>\n<div class=\"brz-css-bniep brz-css-lbsdo brz-wrapper\">\n<div class=\"brz-rich-text brz-rich-text__custom brz-css-phjlp\" data-custom-id=\"ykwytaodshixulgqmhhxpfptnnspxpbsaocv\">\n<div>\n<p class=\"brz-css-qxduw\" data-uniq-id=\"fvbfo\" data-generated-css=\"brz-css-rvrvb\"><span class=\"brz-cp-color6\">Todos os Direitos Reservados a Ene7 Solu\u00e7\u00f5es Empresariais&nbsp;|&nbsp;\u00a9 Desenvolvido por <\/span><a href=\"https:\/\/inventdigital.com.br\" target=\"_blank\" class=\"brz-cp-color6 link--external\" data-brz-link-type=\"external\" rel=\"noopener\">Invent Digital<\/a><\/p>\n<\/div>\n<\/div>\n<\/div>\n<\/div>\n<\/div>\n<\/section>\n<\/div>\n<p>    <!-- version:1686076600 --><\/p>\n","protected":false},"excerpt":{"rendered":"<p>Home Servi\u00e7os Contato A ene7 pode te ajudar com a contabilidade da sua empresa. Quem somos! A N7 Solu\u00e7\u00f5es Empresariais pode te ajudar com a contabilidade da sua empresa. Fundada no ano 2009, tem sua atua\u00e7\u00e3o totalmente sedimentada no mercado em que atua oferecendo a melhor infraestrutura para atender nossos clientes, oferecendo consultorias especializadas para&hellip; <a class=\"more-link\" href=\"https:\/\/ene7.com.br\/\">Continuar lendo <span class=\"screen-reader-text\">Home<\/span><\/a><\/p>\n","protected":false},"author":1,"featured_media":0,"parent":0,"menu_order":0,"comment_status":"closed","ping_status":"closed","template":"brizy-blank-template.php","meta":{"footnotes":""},"class_list":["post-6","page","type-page","status-publish","hentry","entry"],"_links":{"self":[{"href":"https:\/\/ene7.com.br\/index.php\/wp-json\/wp\/v2\/pages\/6","targetHints":{"allow":["GET"]}}],"collection":[{"href":"https:\/\/ene7.com.br\/index.php\/wp-json\/wp\/v2\/pages"}],"about":[{"href":"https:\/\/ene7.com.br\/index.php\/wp-json\/wp\/v2\/types\/page"}],"author":[{"embeddable":true,"href":"https:\/\/ene7.com.br\/index.php\/wp-json\/wp\/v2\/users\/1"}],"replies":[{"embeddable":true,"href":"https:\/\/ene7.com.br\/index.php\/wp-json\/wp\/v2\/comments?post=6"}],"version-history":[{"count":12,"href":"https:\/\/ene7.com.br\/index.php\/wp-json\/wp\/v2\/pages\/6\/revisions"}],"predecessor-version":[{"id":81,"href":"https:\/\/ene7.com.br\/index.php\/wp-json\/wp\/v2\/pages\/6\/revisions\/81"}],"wp:attachment":[{"href":"https:\/\/ene7.com.br\/index.php\/wp-json\/wp\/v2\/media?parent=6"}],"curies":[{"name":"wp","href":"https:\/\/api.w.org\/{rel}","templated":true}]}}